{"id":48,"date":"2021-02-16T16:11:44","date_gmt":"2021-02-16T15:11:44","guid":{"rendered":"http:\/\/sunshine-luxury-rooms.ms.decms.eu\/?page_id=48"},"modified":"2021-02-16T16:35:06","modified_gmt":"2021-02-16T15:35:06","slug":"privacy","status":"publish","type":"page","link":"https:\/\/www.sunshineluxuryrooms.it\/en\/privacy\/","title":{"rendered":"Privacy"},"content":{"rendered":"<p><em>Gentile Ospite,<\/em><\/p>\n<p><em>ai sensi\u00a0della normativa vigente in materia di protezione dei dati personali (Regolamento UE n. 679 del 2016),\u00a0desideriamo informarla che i trattamenti dei suoi dati personali sono effettuati con correttezza e trasparenza, per fini leciti e tutelando la sua riservatezza ed i suoi diritti.<\/em><\/p>\n<p><em>I trattamenti sono effettuati anche con l\u2019ausilio di mezzi informatici per le seguenti finalit\u00e0:<\/em><\/p>\n<ol>\n<li><em><u>per acquisire e confermare la sua prenotazione di servizi di alloggio e servizi accessori, e per fornire i servizi richiesti<\/u><\/em><em>. Trattandosi di trattamenti necessari per la definizione dell\u2019accordo contrattuale e per la sua successiva attuazione, non \u00e8 richiesto il suo consenso, tranne nel caso in cui siano conferiti dati particolari, cosiddetti sensibili. In caso di rifiuto a conferire i dati personali, non potremo confermare la prenotazione o fornirle i servizi richiesti. Il trattamento cesser\u00e0 alla sua partenza, ma alcuni suoi dati personali potranno o dovranno continuare ad essere trattati per le finalit\u00e0 e con le modalit\u00e0 indicate nei punti successivi;<\/em><\/li>\n<li><em><u>per adempiere all\u2019obbligo previsto dal \u201cTesto unico delle leggi di pubblica sicurezza\u201d<\/u><\/em><em>(articolo 109 R.D. 18.6.1931 n. 773)\u00a0<u>che ci impone di comunicare alla Questura, per fini di pubblica sicurezza, le generalit\u00e0 dei clienti alloggiati<\/u>\u00a0secondo le modalit\u00e0 stabilite dal Ministero dell\u2019Interno (Decreto 7 gennaio 2013).\u00a0Il conferimento dei dati \u00e8 obbligatorio e non richiede il suo consenso, ed in caso di rifiuto a fornirli non potremo ospitarla nella nostra struttura. I dati acquisiti per tale finalit\u00e0 non vengono da noi conservati, a meno che non ci fornisca il consenso alla conservazione come previsto al punto 4;<\/em><\/li>\n<li><em><u>per adempiere ai vigenti obblighi amministrativi, contabili e fiscali<\/u><\/em><em>. Per tali finalit\u00e0 il trattamento \u00e8 effettuato senza necessit\u00e0 di acquisire il suo consenso. I dati sono trattati da noi e da nostri incaricati, e vengono comunicati all\u2019esterno solo in adempimento ad obblighi di legge. In caso di rifiuto a conferire i dati necessari per gli adempimenti sopra indicati, non potremo fornirle i servizi richiesti. I dati acquisiti per tali finalit\u00e0 vengono da noi conservati per il tempo previsto dalle rispettive normative (10 anni, e anche oltre in caso di accertamenti fiscali);<\/em><\/li>\n<li><em><u>per accelerare le procedure di registrazione in caso di suoi successivi soggiorni presso la nostra struttura.<\/u><\/em><em>Per tale finalit\u00e0, previa acquisizione del suo consenso revocabile in qualsiasi momento, i suoi dati saranno conservati per il periodo massimo di 10 anni, e saranno utilizzati quando sar\u00e0 nuovamente nostro ospite per le finalit\u00e0 di cui ai punti precedenti;<\/em><\/li>\n<li><em><u>per espletare la funzione di ricevimento di messaggi e telefonate a lei indirizzati durante il suo soggiorno<\/u><\/em><em>. Per tale finalit\u00e0 \u00e8 necessario il suo consenso. Potr\u00e0 revocare il consenso in qualsiasi momento. Il trattamento cesser\u00e0 comunque alla sua partenza;<\/em><\/li>\n<li><em><u>per inviarle nostri messaggi promozionali e aggiornamenti sulle tariffe e sulle offerte praticate.<\/u><\/em><em>Per tale finalit\u00e0, previa acquisizione del suo consenso, i suoi dati saranno conservati per il periodo massimo di 10 anni e non saranno comunicati a terzi. Potr\u00e0 revocare il consenso in qualsiasi momento.<\/em><\/li>\n<\/ol>\n<p><em>Desideriamo inoltre informarla che il Regolamento europeo le riconosce alcuni diritti, tra cui il diritto di accesso e di rettifica, o di cancellazione o di limitazione o di opposizione al trattamento, oltre al diritto alla portabilit\u00e0 dei dati, se ed in quanto applicabili (articoli da 15 a 22 del Regolamento UE n. 679 del 2016). Pu\u00f2 inoltre proporre reclamo all\u2019autorit\u00e0 di controllo, secondo le procedure previste dalla normativa vigente.<\/em><\/p>\n<p><em>Per qualsiasi ulteriore informazione, e per far valere i diritti a lei riconosciuti dal Regolamento europeo, potr\u00e0 rivolgersi a:<\/em><\/p>\n<p><strong><em>\u00a0<\/em><\/strong><\/p>\n<p><strong><em>Titolare del trattamento<\/em><\/strong><em>: Inserire Dati Anagrafici Azienda e del Titolare dell\u2019Azienda<\/em><\/p>\n<p><em>\u00a0<\/em><\/p>\n<p><em>Inserire\u00a0 e-mail: \u2026\u2026\u2026\u2026.<\/em><\/p>\n<p>&nbsp;<\/p>\n","protected":false},"excerpt":{"rendered":"<p>Gentile Ospite, ai sensi\u00a0della normativa vigente in materia di protezione dei dati personali (Regolamento UE n. 679 del 2016),\u00a0desideriamo informarla che i trattamenti dei suoi dati personali sono effettuati con correttezza e trasparenza, per fini leciti e tutelando la sua riservatezza ed i suoi diritti. I trattamenti sono effettuati anche con l\u2019ausilio di mezzi informatici [&hellip;]<\/p>\n","protected":false},"author":13,"featured_media":0,"parent":0,"menu_order":100,"comment_status":"closed","ping_status":"closed","template":"","meta":{"footnotes":""},"class_list":["post-48","page","type-page","status-publish","hentry"],"yoast_head":"<!-- This site is optimized with the Yoast SEO plugin v26.9 - https:\/\/yoast.com\/product\/yoast-seo-wordpress\/ -->\n<title>Privacy - Sunshine Luxury Rooms<\/title>\n<meta name=\"robots\" content=\"index, follow, max-snippet:-1, max-image-preview:large, max-video-preview:-1\" \/>\n<link rel=\"canonical\" href=\"https:\/\/www.sunshineluxuryrooms.it\/en\/privacy\/\" \/>\n<meta property=\"og:locale\" content=\"en_US\" \/>\n<meta property=\"og:type\" content=\"article\" \/>\n<meta property=\"og:title\" content=\"Privacy - Sunshine Luxury Rooms\" \/>\n<meta property=\"og:description\" content=\"Gentile Ospite, ai sensi\u00a0della normativa vigente in materia di protezione dei dati personali (Regolamento UE n. 679 del 2016),\u00a0desideriamo informarla che i trattamenti dei suoi dati personali sono effettuati con correttezza e trasparenza, per fini leciti e tutelando la sua riservatezza ed i suoi diritti. I trattamenti sono effettuati anche con l\u2019ausilio di mezzi informatici [&hellip;]\" \/>\n<meta property=\"og:url\" content=\"https:\/\/www.sunshineluxuryrooms.it\/en\/privacy\/\" \/>\n<meta property=\"og:site_name\" content=\"Sunshine Luxury Rooms\" \/>\n<meta property=\"article:modified_time\" content=\"2021-02-16T15:35:06+00:00\" \/>\n<meta name=\"twitter:card\" content=\"summary_large_image\" \/>\n<meta name=\"twitter:label1\" content=\"Est. reading time\" \/>\n\t<meta name=\"twitter:data1\" content=\"3 minutes\" \/>\n<script type=\"application\/ld+json\" class=\"yoast-schema-graph\">{\"@context\":\"https:\/\/schema.org\",\"@graph\":[{\"@type\":\"WebPage\",\"@id\":\"https:\/\/www.sunshineluxuryrooms.it\/en\/privacy\/\",\"url\":\"https:\/\/www.sunshineluxuryrooms.it\/en\/privacy\/\",\"name\":\"Privacy - Sunshine Luxury Rooms\",\"isPartOf\":{\"@id\":\"https:\/\/www.sunshineluxuryrooms.it\/en\/#website\"},\"datePublished\":\"2021-02-16T15:11:44+00:00\",\"dateModified\":\"2021-02-16T15:35:06+00:00\",\"breadcrumb\":{\"@id\":\"https:\/\/www.sunshineluxuryrooms.it\/en\/privacy\/#breadcrumb\"},\"inLanguage\":\"en-US\",\"potentialAction\":[{\"@type\":\"ReadAction\",\"target\":[\"https:\/\/www.sunshineluxuryrooms.it\/en\/privacy\/\"]}]},{\"@type\":\"BreadcrumbList\",\"@id\":\"https:\/\/www.sunshineluxuryrooms.it\/en\/privacy\/#breadcrumb\",\"itemListElement\":[{\"@type\":\"ListItem\",\"position\":1,\"name\":\"Home\",\"item\":\"https:\/\/www.sunshineluxuryrooms.it\/en\/\"},{\"@type\":\"ListItem\",\"position\":2,\"name\":\"Privacy\"}]},{\"@type\":\"WebSite\",\"@id\":\"https:\/\/www.sunshineluxuryrooms.it\/en\/#website\",\"url\":\"https:\/\/www.sunshineluxuryrooms.it\/en\/\",\"name\":\"Sunshine Luxury Rooms\",\"description\":\"Ecco un altro sito ms.decms.eu\",\"potentialAction\":[{\"@type\":\"SearchAction\",\"target\":{\"@type\":\"EntryPoint\",\"urlTemplate\":\"https:\/\/www.sunshineluxuryrooms.it\/en\/?s={search_term_string}\"},\"query-input\":{\"@type\":\"PropertyValueSpecification\",\"valueRequired\":true,\"valueName\":\"search_term_string\"}}],\"inLanguage\":\"en-US\"}]}<\/script>\n<!-- \/ Yoast SEO plugin. -->","yoast_head_json":{"title":"Privacy - Sunshine Luxury Rooms","robots":{"index":"index","follow":"follow","max-snippet":"max-snippet:-1","max-image-preview":"max-image-preview:large","max-video-preview":"max-video-preview:-1"},"canonical":"https:\/\/www.sunshineluxuryrooms.it\/en\/privacy\/","og_locale":"en_US","og_type":"article","og_title":"Privacy - Sunshine Luxury Rooms","og_description":"Gentile Ospite, ai sensi\u00a0della normativa vigente in materia di protezione dei dati personali (Regolamento UE n. 679 del 2016),\u00a0desideriamo informarla che i trattamenti dei suoi dati personali sono effettuati con correttezza e trasparenza, per fini leciti e tutelando la sua riservatezza ed i suoi diritti. I trattamenti sono effettuati anche con l\u2019ausilio di mezzi informatici [&hellip;]","og_url":"https:\/\/www.sunshineluxuryrooms.it\/en\/privacy\/","og_site_name":"Sunshine Luxury Rooms","article_modified_time":"2021-02-16T15:35:06+00:00","twitter_card":"summary_large_image","twitter_misc":{"Est. reading time":"3 minutes"},"schema":{"@context":"https:\/\/schema.org","@graph":[{"@type":"WebPage","@id":"https:\/\/www.sunshineluxuryrooms.it\/en\/privacy\/","url":"https:\/\/www.sunshineluxuryrooms.it\/en\/privacy\/","name":"Privacy - Sunshine Luxury Rooms","isPartOf":{"@id":"https:\/\/www.sunshineluxuryrooms.it\/en\/#website"},"datePublished":"2021-02-16T15:11:44+00:00","dateModified":"2021-02-16T15:35:06+00:00","breadcrumb":{"@id":"https:\/\/www.sunshineluxuryrooms.it\/en\/privacy\/#breadcrumb"},"inLanguage":"en-US","potentialAction":[{"@type":"ReadAction","target":["https:\/\/www.sunshineluxuryrooms.it\/en\/privacy\/"]}]},{"@type":"BreadcrumbList","@id":"https:\/\/www.sunshineluxuryrooms.it\/en\/privacy\/#breadcrumb","itemListElement":[{"@type":"ListItem","position":1,"name":"Home","item":"https:\/\/www.sunshineluxuryrooms.it\/en\/"},{"@type":"ListItem","position":2,"name":"Privacy"}]},{"@type":"WebSite","@id":"https:\/\/www.sunshineluxuryrooms.it\/en\/#website","url":"https:\/\/www.sunshineluxuryrooms.it\/en\/","name":"Sunshine Luxury Rooms","description":"Ecco un altro sito ms.decms.eu","potentialAction":[{"@type":"SearchAction","target":{"@type":"EntryPoint","urlTemplate":"https:\/\/www.sunshineluxuryrooms.it\/en\/?s={search_term_string}"},"query-input":{"@type":"PropertyValueSpecification","valueRequired":true,"valueName":"search_term_string"}}],"inLanguage":"en-US"}]}},"acf":[],"_links":{"self":[{"href":"https:\/\/www.sunshineluxuryrooms.it\/en\/wp-json\/wp\/v2\/pages\/48","targetHints":{"allow":["GET"]}}],"collection":[{"href":"https:\/\/www.sunshineluxuryrooms.it\/en\/wp-json\/wp\/v2\/pages"}],"about":[{"href":"https:\/\/www.sunshineluxuryrooms.it\/en\/wp-json\/wp\/v2\/types\/page"}],"author":[{"embeddable":true,"href":"https:\/\/www.sunshineluxuryrooms.it\/en\/wp-json\/wp\/v2\/users\/13"}],"replies":[{"embeddable":true,"href":"https:\/\/www.sunshineluxuryrooms.it\/en\/wp-json\/wp\/v2\/comments?post=48"}],"version-history":[{"count":0,"href":"https:\/\/www.sunshineluxuryrooms.it\/en\/wp-json\/wp\/v2\/pages\/48\/revisions"}],"wp:attachment":[{"href":"https:\/\/www.sunshineluxuryrooms.it\/en\/wp-json\/wp\/v2\/media?parent=48"}],"curies":[{"name":"wp","href":"https:\/\/api.w.org\/{rel}","templated":true}]}}